{"id":6978196,"date":"2026-02-03T11:44:35","date_gmt":"2026-02-03T10:44:35","guid":{"rendered":"https:\/\/www.bongioielli.com\/?post_type=product&#038;p=6978196"},"modified":"2026-03-07T16:19:44","modified_gmt":"2026-03-07T15:19:44","slug":"aldebaran-nova-anello-di-fidanzamento-intrecciato-a-6-griffe-pave-con-diamanti-naturali","status":"publish","type":"product","link":"https:\/\/www.bongioielli.com\/en\/pave\/aldebaran-nova-anello-di-fidanzamento-intrecciato-a-6-griffe-pave-con-diamanti-naturali\/","title":{"rendered":"Aldebaran Nova Anello di Fidanzamento Intrecciato a 6 griffe Pav\u00e8 con Diamanti Naturali"},"content":{"rendered":"<p>Aldebaran Nova \u00e8 un anello di fidanzamento pav\u00e9 con diamanti naturali ispirato alla luce intensa della stella Aldebaran, la pi\u00f9 luminosa della costellazione del Toro. Il suo design elegante e slanciato \u00e8 pensato per valorizzare il diamante centrale attraverso una struttura raffinata e luminosa.<\/p>\n<p>Il diamante centrale naturale \u00e8 sostenuto da sei griffe ad artiglio, che lo avvolgono con equilibrio lasciando il diamante ben visibile e protagonista della montatura. Le griffe si sviluppano in una montatura intrecciata a cattedrale, che accompagna il diamante centrale sollevandolo con eleganza.<\/p>\n<p>Il profilo alto della montatura consente al diamante di catturare la luce da ogni angolazione, esaltandone la brillantezza e creando riflessi intensi.<\/p>\n<p>Il gambo \u00e8 impreziosito da una fila di diamanti laterali naturali incastonati a pav\u00e9, che seguono la linea dell\u2019anello di fidanzamento pav\u00e9 con una luminosit\u00e0 continua.<\/p>\n<p>Le linee della montatura si intrecciano con armonia accompagnando lo sguardo verso il diamante centrale, creando un equilibrio perfetto tra struttura e luce.<\/p>\n<p>Aldebaran Nova \u00e8 un anello di fidanzamento pav\u00e9 con diamanti naturali che unisce eleganza, proporzioni raffinate e una montatura studiata per esaltare al massimo la luce del diamante.<\/p>\n","protected":false},"excerpt":{"rendered":"<p>ALDEBARANNOVA-NAT<\/p>\n","protected":false},"featured_media":0,"comment_status":"open","ping_status":"closed","template":"","meta":[],"product_brand":[],"product_cat":[152,167,168],"product_tag":[],"giftcard-category":[],"class_list":{"0":"post-6978196","1":"product","2":"type-product","3":"status-publish","5":"product_cat-anelli-di-fidanzamento-con-diamanti","6":"product_cat-anello-di-fidanzamento-con-diamanti-naturali","7":"product_cat-pave","9":"first","10":"instock","11":"shipping-taxable","12":"purchasable","13":"product-type-variable","14":"has-default-attributes"},"aioseo_notices":[],"_links":{"self":[{"href":"https:\/\/www.bongioielli.com\/en\/wp-json\/wp\/v2\/product\/6978196","targetHints":{"allow":["GET"]}}],"collection":[{"href":"https:\/\/www.bongioielli.com\/en\/wp-json\/wp\/v2\/product"}],"about":[{"href":"https:\/\/www.bongioielli.com\/en\/wp-json\/wp\/v2\/types\/product"}],"replies":[{"embeddable":true,"href":"https:\/\/www.bongioielli.com\/en\/wp-json\/wp\/v2\/comments?post=6978196"}],"wp:attachment":[{"href":"https:\/\/www.bongioielli.com\/en\/wp-json\/wp\/v2\/media?parent=6978196"}],"wp:term":[{"taxonomy":"product_brand","embeddable":true,"href":"https:\/\/www.bongioielli.com\/en\/wp-json\/wp\/v2\/product_brand?post=6978196"},{"taxonomy":"product_cat","embeddable":true,"href":"https:\/\/www.bongioielli.com\/en\/wp-json\/wp\/v2\/product_cat?post=6978196"},{"taxonomy":"product_tag","embeddable":true,"href":"https:\/\/www.bongioielli.com\/en\/wp-json\/wp\/v2\/product_tag?post=6978196"},{"taxonomy":"giftcard-category","embeddable":true,"href":"https:\/\/www.bongioielli.com\/en\/wp-json\/wp\/v2\/giftcard-category?post=6978196"}],"curies":[{"name":"wp","href":"https:\/\/api.w.org\/{rel}","templated":true}]}}