{"id":6978227,"date":"2026-02-05T10:53:14","date_gmt":"2026-02-05T09:53:14","guid":{"rendered":"https:\/\/www.bongioielli.com\/?post_type=product&#038;p=6978227"},"modified":"2026-03-18T15:25:53","modified_gmt":"2026-03-18T14:25:53","slug":"elysia-anello-di-fidanzamento-trellis-pave-sublime-con-diamanti-lab-grown","status":"publish","type":"product","link":"https:\/\/www.bongioielli.com\/en\/pave\/elysia-anello-di-fidanzamento-trellis-pave-sublime-con-diamanti-lab-grown\/","title":{"rendered":"Elysia Anello di Fidanzamento Trellis Pav\u00e8 Sublime con Diamanti Lab Grown"},"content":{"rendered":"<p>Elysia Anello di Fidanzamento Pav\u00e8 Sublime con Diamanti Creati in Laboratorio (Lab Grown) \u00e8 una creazione dal design elegante e luminoso, pensata per valorizzare il diamante centrale attraverso una struttura raffinata e armoniosa.<\/p>\n<p>Il diamante centrale creato in laboratorio (lab grown) \u00e8 abbracciato da quattro griffe rotonde, che lo avvolgono lasciando il diamante ben visibile e protagonista della montatura. La montatura intrecciata a cestello lo solleva con eleganza, esaltandone la luminosit\u00e0.<\/p>\n<p>Il profilo alto della montatura consente al diamante di catturare la luce da ogni angolazione, intensificando la brillantezza e creando riflessi luminosi.<\/p>\n<p>Il gambo \u00e8 impreziosito da una fila di diamanti laterali creati in laboratorio (lab grown) incastonati a pav\u00e9, che seguono la linea dell\u2019anello con una luminosit\u00e0 continua e raffinata.<\/p>\n<p>Le linee della montatura si incontrano con delicatezza sotto il diamante centrale, creando un equilibrio armonioso tra struttura e luce.<\/p>\n<p>Elysia Anello di Fidanzamento Pav\u00e8 Sublime con Diamanti Creati in Laboratorio (Lab Grown) unisce proporzioni eleganti, dettagli raffinati e una montatura studiata per esaltare al massimo la luce del diamante.<\/p>\n","protected":false},"excerpt":{"rendered":"<p>ELYSIA-LAB<\/p>\n","protected":false},"featured_media":0,"comment_status":"open","ping_status":"closed","template":"","meta":[],"product_brand":[],"product_cat":[165,152,168],"product_tag":[],"giftcard-category":[],"class_list":{"0":"post-6978227","1":"product","2":"type-product","3":"status-publish","5":"product_cat-anello-di-fidanzamento-con-diamanti-lab-grown","6":"product_cat-anelli-di-fidanzamento-con-diamanti","7":"product_cat-pave","9":"first","10":"instock","11":"shipping-taxable","12":"purchasable","13":"product-type-variable","14":"has-default-attributes"},"aioseo_notices":[],"_links":{"self":[{"href":"https:\/\/www.bongioielli.com\/en\/wp-json\/wp\/v2\/product\/6978227","targetHints":{"allow":["GET"]}}],"collection":[{"href":"https:\/\/www.bongioielli.com\/en\/wp-json\/wp\/v2\/product"}],"about":[{"href":"https:\/\/www.bongioielli.com\/en\/wp-json\/wp\/v2\/types\/product"}],"replies":[{"embeddable":true,"href":"https:\/\/www.bongioielli.com\/en\/wp-json\/wp\/v2\/comments?post=6978227"}],"wp:attachment":[{"href":"https:\/\/www.bongioielli.com\/en\/wp-json\/wp\/v2\/media?parent=6978227"}],"wp:term":[{"taxonomy":"product_brand","embeddable":true,"href":"https:\/\/www.bongioielli.com\/en\/wp-json\/wp\/v2\/product_brand?post=6978227"},{"taxonomy":"product_cat","embeddable":true,"href":"https:\/\/www.bongioielli.com\/en\/wp-json\/wp\/v2\/product_cat?post=6978227"},{"taxonomy":"product_tag","embeddable":true,"href":"https:\/\/www.bongioielli.com\/en\/wp-json\/wp\/v2\/product_tag?post=6978227"},{"taxonomy":"giftcard-category","embeddable":true,"href":"https:\/\/www.bongioielli.com\/en\/wp-json\/wp\/v2\/giftcard-category?post=6978227"}],"curies":[{"name":"wp","href":"https:\/\/api.w.org\/{rel}","templated":true}]}}