{"id":6978552,"date":"2026-02-11T15:40:05","date_gmt":"2026-02-11T14:40:05","guid":{"rendered":"https:\/\/www.bongioielli.com\/?post_type=product&#038;p=6978552"},"modified":"2026-03-13T15:32:04","modified_gmt":"2026-03-13T14:32:04","slug":"sole-nova-anello-di-fidanzamento-pave-bypass-radiante-con-diamanti-lab-grown","status":"publish","type":"product","link":"https:\/\/www.bongioielli.com\/en\/pave\/sole-nova-anello-di-fidanzamento-pave-bypass-radiante-con-diamanti-lab-grown\/","title":{"rendered":"Sole Nova Anello di fidanzamento Pav\u00e9 Bypass Radiante con Diamanti Lab Grown"},"content":{"rendered":"<p>Sole Nova Anello di Fidanzamento Pav\u00e9 Bypass Radiante con Diamanti Creati in Laboratorio (Lab Grown) \u00e8 una creazione dal design elegante e dinamico, ispirata alla luce intensa del sole. Le sue linee fluide e avvolgenti sono pensate per valorizzare il diamante centrale attraverso una montatura raffinata e luminosa.<br \/>\nIl diamante centrale creato in laboratorio (lab grown) \u00e8 abbracciato da griffe tab, che lo avvolgono con decisione lasciandolo ben visibile e protagonista della montatura.<br \/>\nLa struttura bypass crea un movimento armonioso che accompagna il diamante centrale, donando all\u2019anello di fidanzamento una silhouette moderna e slanciata.<br \/>\nIl gambo affusolato, impreziosito da diamanti creati in laboratorio (lab grown) incastonati a pav\u00e9, segue la linea dell\u2019anello di fidanzamento con una luminosit\u00e0 continua che esalta l\u2019eleganza della montatura.<br \/>\nIl profilo basso mantiene il diamante vicino al dito, creando una forma fluida ed equilibrata che valorizza la luce del diamante.<br \/>\nLe linee morbide e la struttura raffinata rendono questo anello di fidanzamento pav\u00e9 bypass una creazione elegante e contemporanea, pensata per esaltare la bellezza del diamante.<br \/>\nSole Nova Anello di Fidanzamento Pav\u00e9 Bypass Radiante con Diamanti Creati in Laboratorio (Lab Grown) unisce proporzioni armoniose, dettagli raffinati e una montatura studiata per valorizzare al massimo la luce del diamante.<\/p>\n","protected":false},"excerpt":{"rendered":"<p>SOLENOVA-LAB<\/p>\n","protected":false},"featured_media":0,"comment_status":"open","ping_status":"closed","template":"","meta":[],"product_brand":[],"product_cat":[165,152,168],"product_tag":[],"giftcard-category":[],"class_list":{"0":"post-6978552","1":"product","2":"type-product","3":"status-publish","5":"product_cat-anello-di-fidanzamento-con-diamanti-lab-grown","6":"product_cat-anelli-di-fidanzamento-con-diamanti","7":"product_cat-pave","9":"first","10":"instock","11":"shipping-taxable","12":"purchasable","13":"product-type-variable","14":"has-default-attributes"},"aioseo_notices":[],"_links":{"self":[{"href":"https:\/\/www.bongioielli.com\/en\/wp-json\/wp\/v2\/product\/6978552","targetHints":{"allow":["GET"]}}],"collection":[{"href":"https:\/\/www.bongioielli.com\/en\/wp-json\/wp\/v2\/product"}],"about":[{"href":"https:\/\/www.bongioielli.com\/en\/wp-json\/wp\/v2\/types\/product"}],"replies":[{"embeddable":true,"href":"https:\/\/www.bongioielli.com\/en\/wp-json\/wp\/v2\/comments?post=6978552"}],"wp:attachment":[{"href":"https:\/\/www.bongioielli.com\/en\/wp-json\/wp\/v2\/media?parent=6978552"}],"wp:term":[{"taxonomy":"product_brand","embeddable":true,"href":"https:\/\/www.bongioielli.com\/en\/wp-json\/wp\/v2\/product_brand?post=6978552"},{"taxonomy":"product_cat","embeddable":true,"href":"https:\/\/www.bongioielli.com\/en\/wp-json\/wp\/v2\/product_cat?post=6978552"},{"taxonomy":"product_tag","embeddable":true,"href":"https:\/\/www.bongioielli.com\/en\/wp-json\/wp\/v2\/product_tag?post=6978552"},{"taxonomy":"giftcard-category","embeddable":true,"href":"https:\/\/www.bongioielli.com\/en\/wp-json\/wp\/v2\/giftcard-category?post=6978552"}],"curies":[{"name":"wp","href":"https:\/\/api.w.org\/{rel}","templated":true}]}}