{"id":6979930,"date":"2026-04-14T08:54:16","date_gmt":"2026-04-14T07:54:16","guid":{"rendered":"https:\/\/www.bongioielli.com\/?post_type=product&#038;p=6979930"},"modified":"2026-04-14T09:36:02","modified_gmt":"2026-04-14T08:36:02","slug":"alphecca-anello-di-fidanzamento-halo-con-diamanti-naturali","status":"publish","type":"product","link":"https:\/\/www.bongioielli.com\/en\/halo\/alphecca-anello-di-fidanzamento-halo-con-diamanti-naturali\/","title":{"rendered":"Alphecca Anello di Fidanzamento Halo con Diamanti Naturali"},"content":{"rendered":"<p>L\u2019anello Alphecca prende il suo nome da Alphecca, la stella pi\u00f9 luminosa della costellazione della Corona Boreale.Proprio come questa stella, l\u2019anello Alphecca \u00e8 progettato per brillare con intensit\u00e0 unica. Il diamante centrale \u00e8 avvolto da un\u2019aureola di pietre pi\u00f9 piccole, creando il classico design Halo che ricorda una corona di luce: un richiamo diretto alla costellazione da cui prende ispirazione.<\/p>\n","protected":false},"excerpt":{"rendered":"<p>ALPHECCA-NAT<\/p>\n","protected":false},"featured_media":0,"comment_status":"open","ping_status":"closed","template":"","meta":[],"product_brand":[],"product_cat":[165,152,20],"product_tag":[],"giftcard-category":[],"class_list":{"0":"post-6979930","1":"product","2":"type-product","3":"status-publish","5":"product_cat-anello-di-fidanzamento-con-diamanti-lab-grown","6":"product_cat-anelli-di-fidanzamento-con-diamanti","7":"product_cat-halo","9":"first","10":"instock","11":"shipping-taxable","12":"purchasable","13":"product-type-variable","14":"has-default-attributes"},"aioseo_notices":[],"_links":{"self":[{"href":"https:\/\/www.bongioielli.com\/en\/wp-json\/wp\/v2\/product\/6979930","targetHints":{"allow":["GET"]}}],"collection":[{"href":"https:\/\/www.bongioielli.com\/en\/wp-json\/wp\/v2\/product"}],"about":[{"href":"https:\/\/www.bongioielli.com\/en\/wp-json\/wp\/v2\/types\/product"}],"replies":[{"embeddable":true,"href":"https:\/\/www.bongioielli.com\/en\/wp-json\/wp\/v2\/comments?post=6979930"}],"wp:attachment":[{"href":"https:\/\/www.bongioielli.com\/en\/wp-json\/wp\/v2\/media?parent=6979930"}],"wp:term":[{"taxonomy":"product_brand","embeddable":true,"href":"https:\/\/www.bongioielli.com\/en\/wp-json\/wp\/v2\/product_brand?post=6979930"},{"taxonomy":"product_cat","embeddable":true,"href":"https:\/\/www.bongioielli.com\/en\/wp-json\/wp\/v2\/product_cat?post=6979930"},{"taxonomy":"product_tag","embeddable":true,"href":"https:\/\/www.bongioielli.com\/en\/wp-json\/wp\/v2\/product_tag?post=6979930"},{"taxonomy":"giftcard-category","embeddable":true,"href":"https:\/\/www.bongioielli.com\/en\/wp-json\/wp\/v2\/giftcard-category?post=6979930"}],"curies":[{"name":"wp","href":"https:\/\/api.w.org\/{rel}","templated":true}]}}