{"id":6980412,"date":"2026-05-12T14:15:11","date_gmt":"2026-05-12T13:15:11","guid":{"rendered":"https:\/\/www.bongioielli.com\/?post_type=product&#038;p=6980412"},"modified":"2026-05-12T14:18:26","modified_gmt":"2026-05-12T13:18:26","slug":"errai-anello-di-fidanzamento-pave-con-diamanti-naturali","status":"publish","type":"product","link":"https:\/\/www.bongioielli.com\/en\/pave\/errai-anello-di-fidanzamento-pave-con-diamanti-naturali\/","title":{"rendered":"Errai Anello di Fidanzamento Pav\u00e8 con Diamanti Naturali"},"content":{"rendered":"<p>Errai anello di fidanzamento Pav\u00e9 con diamanti naturali \u00e8 una creazione elegante e luminosa, ispirata alla brillantezza costante della stella da cui prende il nome. Il design raffinato della montatura \u00e8 studiato per valorizzare il diamante centrale, esaltandone la luce attraverso proporzioni armoniose e dettagli delicati.<\/p>\n<p>Il diamante centrale \u00e8 custodito da sei griffe sottili che lo sostengono con equilibrio, lasciandolo protagonista assoluto della composizione. La montatura leggermente rialzata permette alla luce di attraversare il diamante da pi\u00f9 angolazioni, amplificandone la brillantezza e creando riflessi intensi e luminosi.<\/p>\n","protected":false},"excerpt":{"rendered":"<p>ERRAI-NAT<\/p>\n","protected":false},"featured_media":0,"comment_status":"open","ping_status":"closed","template":"","meta":[],"product_brand":[],"product_cat":[152,167,168],"product_tag":[],"giftcard-category":[],"class_list":{"0":"post-6980412","1":"product","2":"type-product","3":"status-publish","5":"product_cat-anelli-di-fidanzamento-con-diamanti","6":"product_cat-anello-di-fidanzamento-con-diamanti-naturali","7":"product_cat-pave","9":"first","10":"instock","11":"shipping-taxable","12":"purchasable","13":"product-type-variable","14":"has-default-attributes"},"aioseo_notices":[],"_links":{"self":[{"href":"https:\/\/www.bongioielli.com\/en\/wp-json\/wp\/v2\/product\/6980412","targetHints":{"allow":["GET"]}}],"collection":[{"href":"https:\/\/www.bongioielli.com\/en\/wp-json\/wp\/v2\/product"}],"about":[{"href":"https:\/\/www.bongioielli.com\/en\/wp-json\/wp\/v2\/types\/product"}],"replies":[{"embeddable":true,"href":"https:\/\/www.bongioielli.com\/en\/wp-json\/wp\/v2\/comments?post=6980412"}],"wp:attachment":[{"href":"https:\/\/www.bongioielli.com\/en\/wp-json\/wp\/v2\/media?parent=6980412"}],"wp:term":[{"taxonomy":"product_brand","embeddable":true,"href":"https:\/\/www.bongioielli.com\/en\/wp-json\/wp\/v2\/product_brand?post=6980412"},{"taxonomy":"product_cat","embeddable":true,"href":"https:\/\/www.bongioielli.com\/en\/wp-json\/wp\/v2\/product_cat?post=6980412"},{"taxonomy":"product_tag","embeddable":true,"href":"https:\/\/www.bongioielli.com\/en\/wp-json\/wp\/v2\/product_tag?post=6980412"},{"taxonomy":"giftcard-category","embeddable":true,"href":"https:\/\/www.bongioielli.com\/en\/wp-json\/wp\/v2\/giftcard-category?post=6980412"}],"curies":[{"name":"wp","href":"https:\/\/api.w.org\/{rel}","templated":true}]}}